{"id":2942,"date":"2023-03-17T15:13:34","date_gmt":"2023-03-17T14:13:34","guid":{"rendered":"https:\/\/www.pies.ch\/en\/?post_type=product&#038;p=2942"},"modified":"2025-08-21T09:28:12","modified_gmt":"2025-08-21T07:28:12","slug":"mcarthurs-haggis-pie","status":"publish","type":"product","link":"https:\/\/shop.pies.ch\/de\/product\/haggis-pie\/","title":{"rendered":"McArthurs Haggis Pie"},"content":{"rendered":"<p>Eine Schottische Spezialit\u00e4t als Pie kreiert f\u00fcr McArthurs Pubs in Thun und Lenzburg.<br \/>\nRassig gew\u00fcrzte Lamm-Innereien und Lamm Hackfleisch mit P\u00fcree von Bodenkohlrabi und Kartoffel.<br \/>\nLimitierte Verf\u00fcgbarkeit.<br \/>\n<\/p>","protected":false},"excerpt":{"rendered":"<p>Eine Schottische Spezialit\u00e4t als Pie kreiert f\u00fcr McArthurs Pubs in Thun und Lenzburg. Rassig gew\u00fcrzte Lamm-Innereien und Lamm Hackfleisch mit P\u00fcree von Bodenkohlrabi und Kartoffel. Limitierte Verf\u00fcgbarkeit.<\/p>\n","protected":false},"featured_media":3070,"comment_status":"closed","ping_status":"closed","template":"","meta":{"_acf_changed":false},"product_brand":[],"product_cat":[84],"product_tag":[],"class_list":{"0":"post-2942","1":"product","2":"type-product","3":"status-publish","4":"has-post-thumbnail","6":"product_cat-frozen","7":"product_shipping_class-post-express","9":"first","10":"instock","11":"taxable","12":"shipping-taxable","13":"purchasable","14":"product-type-simple"},"acf":[],"_links":{"self":[{"href":"https:\/\/shop.pies.ch\/de\/wp-json\/wp\/v2\/product\/2942","targetHints":{"allow":["GET"]}}],"collection":[{"href":"https:\/\/shop.pies.ch\/de\/wp-json\/wp\/v2\/product"}],"about":[{"href":"https:\/\/shop.pies.ch\/de\/wp-json\/wp\/v2\/types\/product"}],"replies":[{"embeddable":true,"href":"https:\/\/shop.pies.ch\/de\/wp-json\/wp\/v2\/comments?post=2942"}],"wp:featuredmedia":[{"embeddable":true,"href":"https:\/\/shop.pies.ch\/de\/wp-json\/wp\/v2\/media\/3070"}],"wp:attachment":[{"href":"https:\/\/shop.pies.ch\/de\/wp-json\/wp\/v2\/media?parent=2942"}],"wp:term":[{"taxonomy":"product_brand","embeddable":true,"href":"https:\/\/shop.pies.ch\/de\/wp-json\/wp\/v2\/product_brand?post=2942"},{"taxonomy":"product_cat","embeddable":true,"href":"https:\/\/shop.pies.ch\/de\/wp-json\/wp\/v2\/product_cat?post=2942"},{"taxonomy":"product_tag","embeddable":true,"href":"https:\/\/shop.pies.ch\/de\/wp-json\/wp\/v2\/product_tag?post=2942"}],"curies":[{"name":"wp","href":"https:\/\/api.w.org\/{rel}","templated":true}]}}